{"id":29,"date":"2018-07-04T02:58:20","date_gmt":"2018-07-04T05:58:20","guid":{"rendered":"http:\/\/paemco.com.br\/a\/?page_id=29"},"modified":"2018-07-04T17:38:43","modified_gmt":"2018-07-04T20:38:43","slug":"aluguel-de-container","status":"publish","type":"page","link":"https:\/\/paemco.com.br\/a\/aluguel-de-container\/","title":{"rendered":"Aluguel de Container"},"content":{"rendered":"<p>Fabricado em chapas e perfis de a\u00e7o dobrados, piso em compensado naval ou met\u00e1lico, apoiado sobre chassis de a\u00e7o, p\u00e9s para apoio sobre o solo.<\/p>\n<p>Confira abaixo alguns dos modelo dos nossos containers personalizados para diversos tipos de situa\u00e7\u00e3o.<\/p>\n<p>&nbsp;<\/p>\n<div  class=\"lgc-column lgc-grid-parent lgc-grid-50 lgc-tablet-grid-50 lgc-mobile-grid-100 lgc-equal-heights \"><div  class=\"inside-grid-column\">\n<p><img loading=\"lazy\" decoding=\"async\" class=\"aligncenter wp-image-173 size-medium\" src=\"http:\/\/paemco.com.br\/a\/wp-content\/uploads\/2018\/07\/container1-g-300x225.jpg\" alt=\"\" width=\"300\" height=\"225\" srcset=\"https:\/\/paemco.com.br\/a\/wp-content\/uploads\/2018\/07\/container1-g-300x225.jpg 300w, https:\/\/paemco.com.br\/a\/wp-content\/uploads\/2018\/07\/container1-g-768x576.jpg 768w, https:\/\/paemco.com.br\/a\/wp-content\/uploads\/2018\/07\/container1-g-416x312.jpg 416w, https:\/\/paemco.com.br\/a\/wp-content\/uploads\/2018\/07\/container1-g.jpg 800w\" sizes=\"auto, (max-width: 300px) 100vw, 300px\" \/><\/p>\n<p><\/p><\/div><\/div><div  class=\"lgc-column lgc-grid-parent lgc-grid-50 lgc-tablet-grid-50 lgc-mobile-grid-100 lgc-equal-heights \"><div  class=\"inside-grid-column\">\n<p><img loading=\"lazy\" decoding=\"async\" class=\"aligncenter wp-image-174 size-medium\" src=\"http:\/\/paemco.com.br\/a\/wp-content\/uploads\/2018\/07\/container2-g-300x225.jpg\" alt=\"\" width=\"300\" height=\"225\" srcset=\"https:\/\/paemco.com.br\/a\/wp-content\/uploads\/2018\/07\/container2-g-300x225.jpg 300w, https:\/\/paemco.com.br\/a\/wp-content\/uploads\/2018\/07\/container2-g-768x576.jpg 768w, https:\/\/paemco.com.br\/a\/wp-content\/uploads\/2018\/07\/container2-g-416x312.jpg 416w, https:\/\/paemco.com.br\/a\/wp-content\/uploads\/2018\/07\/container2-g.jpg 800w\" sizes=\"auto, (max-width: 300px) 100vw, 300px\" \/><\/p>\n<p><\/p><\/div><\/div><div class=\"lgc-clear\"><\/div>\n<p>&nbsp;<\/p>\n<p><img loading=\"lazy\" decoding=\"async\" class=\"aligncenter wp-image-175 size-medium\" src=\"http:\/\/paemco.com.br\/a\/wp-content\/uploads\/2018\/07\/container3-g-225x300.jpg\" alt=\"\" width=\"225\" height=\"300\" srcset=\"https:\/\/paemco.com.br\/a\/wp-content\/uploads\/2018\/07\/container3-g-225x300.jpg 225w, https:\/\/paemco.com.br\/a\/wp-content\/uploads\/2018\/07\/container3-g-416x555.jpg 416w, https:\/\/paemco.com.br\/a\/wp-content\/uploads\/2018\/07\/container3-g.jpg 600w\" sizes=\"auto, (max-width: 225px) 100vw, 225px\" \/><\/p>\n<p>&nbsp;<\/p>\n<p>&nbsp;<\/p>\n<p>&nbsp;<\/p>\n<figure id=\"attachment_178\" aria-describedby=\"caption-attachment-178\" style=\"width: 800px\" class=\"wp-caption aligncenter\"><img loading=\"lazy\" decoding=\"async\" class=\"wp-image-178 size-full\" src=\"http:\/\/paemco.com.br\/a\/wp-content\/uploads\/2018\/07\/container-obra.jpg\" alt=\"\" width=\"800\" height=\"354\" srcset=\"https:\/\/paemco.com.br\/a\/wp-content\/uploads\/2018\/07\/container-obra.jpg 800w, https:\/\/paemco.com.br\/a\/wp-content\/uploads\/2018\/07\/container-obra-300x133.jpg 300w, https:\/\/paemco.com.br\/a\/wp-content\/uploads\/2018\/07\/container-obra-768x340.jpg 768w, https:\/\/paemco.com.br\/a\/wp-content\/uploads\/2018\/07\/container-obra-416x184.jpg 416w\" sizes=\"auto, (max-width: 800px) 100vw, 800px\" \/><figcaption id=\"caption-attachment-178\" class=\"wp-caption-text\">Container Obra (6 metros)<\/figcaption><\/figure>\n<p>&nbsp;<\/p>\n<figure id=\"attachment_177\" aria-describedby=\"caption-attachment-177\" style=\"width: 800px\" class=\"wp-caption aligncenter\"><img loading=\"lazy\" decoding=\"async\" class=\"wp-image-177 size-full\" src=\"http:\/\/paemco.com.br\/a\/wp-content\/uploads\/2018\/07\/container-escritorio.jpg\" alt=\"\" width=\"800\" height=\"372\" srcset=\"https:\/\/paemco.com.br\/a\/wp-content\/uploads\/2018\/07\/container-escritorio.jpg 800w, https:\/\/paemco.com.br\/a\/wp-content\/uploads\/2018\/07\/container-escritorio-300x140.jpg 300w, https:\/\/paemco.com.br\/a\/wp-content\/uploads\/2018\/07\/container-escritorio-768x357.jpg 768w, https:\/\/paemco.com.br\/a\/wp-content\/uploads\/2018\/07\/container-escritorio-416x193.jpg 416w\" sizes=\"auto, (max-width: 800px) 100vw, 800px\" \/><figcaption id=\"caption-attachment-177\" class=\"wp-caption-text\">Container Escrit\u00f3rio<\/figcaption><\/figure>\n<p>&nbsp;<\/p>\n<figure id=\"attachment_176\" aria-describedby=\"caption-attachment-176\" style=\"width: 500px\" class=\"wp-caption aligncenter\"><img loading=\"lazy\" decoding=\"async\" class=\"wp-image-176 size-full\" src=\"http:\/\/paemco.com.br\/a\/wp-content\/uploads\/2018\/07\/container-banheiro.jpg\" alt=\"\" width=\"500\" height=\"319\" srcset=\"https:\/\/paemco.com.br\/a\/wp-content\/uploads\/2018\/07\/container-banheiro.jpg 500w, https:\/\/paemco.com.br\/a\/wp-content\/uploads\/2018\/07\/container-banheiro-300x191.jpg 300w, https:\/\/paemco.com.br\/a\/wp-content\/uploads\/2018\/07\/container-banheiro-416x265.jpg 416w\" sizes=\"auto, (max-width: 500px) 100vw, 500px\" \/><figcaption id=\"caption-attachment-176\" class=\"wp-caption-text\">Container Sanit\u00e1rio<\/figcaption><\/figure>\n<p>&nbsp;<\/p>\n<p>Possu\u00edmos outros modelos e tamanhos, consulte-nos utilizando o formul\u00e1rio abaixo.<\/p>\n<p>&nbsp;<\/p>\n<p>[ninja_form id=2]<\/p>\n<p>&nbsp;<\/p>\n<p>&nbsp;<\/p>\n<p><a href=\"http:\/\/paemco.com.br\/a\/contato\/\"><img loading=\"lazy\" decoding=\"async\" class=\"aligncenter wp-image-170 size-full\" src=\"http:\/\/paemco.com.br\/a\/wp-content\/uploads\/2018\/07\/contato2.png\" alt=\"\" width=\"77\" height=\"100\" \/><\/a><\/p>\n","protected":false},"excerpt":{"rendered":"<p>Fabricado em chapas e perfis de a\u00e7o dobrados, piso em compensado naval ou met\u00e1lico, apoiado sobre chassis de a\u00e7o, p\u00e9s para apoio sobre o solo. Confira abaixo alguns dos modelo dos nossos containers personalizados para diversos tipos de situa\u00e7\u00e3o. &nbsp; &nbsp; &nbsp; &nbsp; &nbsp; &nbsp; &nbsp; &nbsp; Possu\u00edmos outros modelos e tamanhos, consulte-nos utilizando o [&hellip;]<\/p>\n","protected":false},"author":2,"featured_media":0,"parent":0,"menu_order":0,"comment_status":"closed","ping_status":"closed","template":"","meta":{"footnotes":""},"class_list":["post-29","page","type-page","status-publish","hentry"],"_links":{"self":[{"href":"https:\/\/paemco.com.br\/a\/wp-json\/wp\/v2\/pages\/29","targetHints":{"allow":["GET"]}}],"collection":[{"href":"https:\/\/paemco.com.br\/a\/wp-json\/wp\/v2\/pages"}],"about":[{"href":"https:\/\/paemco.com.br\/a\/wp-json\/wp\/v2\/types\/page"}],"author":[{"embeddable":true,"href":"https:\/\/paemco.com.br\/a\/wp-json\/wp\/v2\/users\/2"}],"replies":[{"embeddable":true,"href":"https:\/\/paemco.com.br\/a\/wp-json\/wp\/v2\/comments?post=29"}],"version-history":[{"count":0,"href":"https:\/\/paemco.com.br\/a\/wp-json\/wp\/v2\/pages\/29\/revisions"}],"wp:attachment":[{"href":"https:\/\/paemco.com.br\/a\/wp-json\/wp\/v2\/media?parent=29"}],"curies":[{"name":"wp","href":"https:\/\/api.w.org\/{rel}","templated":true}]}}