{"id":25,"date":"2018-07-04T02:57:04","date_gmt":"2018-07-04T05:57:04","guid":{"rendered":"http:\/\/paemco.com.br\/a\/?page_id=25"},"modified":"2018-07-04T17:17:32","modified_gmt":"2018-07-04T20:17:32","slug":"quem-somos","status":"publish","type":"page","link":"https:\/\/paemco.com.br\/a\/quem-somos\/","title":{"rendered":"Quem Somos"},"content":{"rendered":"<p>A Paemco, empresa sul-mato-grossense fundada em 1999, atuante no ramo de constru\u00e7\u00e3o civil, sinaliza\u00e7\u00e3o e constru\u00e7\u00f5es. Possu\u00edmos uma industria de Pr\u00e9 Moldados onde confeccionamos diversos tipos de produtos para atender constru\u00e7\u00f5es e drenagens em todo o estado.<\/p>\n<p>Temos uma parceria s\u00f3lida com diversas grandes empresas fornecedoras de areia, brita, cimento entre outros, o que nos faz produzir produtos de qualidade.<\/p>\n<p>Utilizamos equipamentos para produ\u00e7\u00e3o e meios de entrega modernos, isso para manter a qualidade dos nossos produtos.<\/p>\n<p>Estamos a disposi\u00e7\u00e3o para solucionar o s eu problema, entre em contato e converse com um profissional da nossa empresa.<\/p>\n<p>&nbsp;<\/p>\n<p>&nbsp;<\/p>\n<p><a href=\"http:\/\/paemco.com.br\/a\/contato\/\"><img loading=\"lazy\" decoding=\"async\" class=\"aligncenter wp-image-170 size-full\" src=\"http:\/\/paemco.com.br\/a\/wp-content\/uploads\/2018\/07\/contato2.png\" alt=\"\" width=\"77\" height=\"100\" \/><\/a><\/p>\n","protected":false},"excerpt":{"rendered":"<p>A Paemco, empresa sul-mato-grossense fundada em 1999, atuante no ramo de constru\u00e7\u00e3o civil, sinaliza\u00e7\u00e3o e constru\u00e7\u00f5es. Possu\u00edmos uma industria de Pr\u00e9 Moldados onde confeccionamos diversos tipos de produtos para atender constru\u00e7\u00f5es e drenagens em todo o estado. Temos uma parceria s\u00f3lida com diversas grandes empresas fornecedoras de areia, brita, cimento entre outros, o que nos [&hellip;]<\/p>\n","protected":false},"author":2,"featured_media":0,"parent":0,"menu_order":0,"comment_status":"closed","ping_status":"closed","template":"","meta":{"footnotes":""},"class_list":["post-25","page","type-page","status-publish","hentry"],"_links":{"self":[{"href":"https:\/\/paemco.com.br\/a\/wp-json\/wp\/v2\/pages\/25","targetHints":{"allow":["GET"]}}],"collection":[{"href":"https:\/\/paemco.com.br\/a\/wp-json\/wp\/v2\/pages"}],"about":[{"href":"https:\/\/paemco.com.br\/a\/wp-json\/wp\/v2\/types\/page"}],"author":[{"embeddable":true,"href":"https:\/\/paemco.com.br\/a\/wp-json\/wp\/v2\/users\/2"}],"replies":[{"embeddable":true,"href":"https:\/\/paemco.com.br\/a\/wp-json\/wp\/v2\/comments?post=25"}],"version-history":[{"count":0,"href":"https:\/\/paemco.com.br\/a\/wp-json\/wp\/v2\/pages\/25\/revisions"}],"wp:attachment":[{"href":"https:\/\/paemco.com.br\/a\/wp-json\/wp\/v2\/media?parent=25"}],"curies":[{"name":"wp","href":"https:\/\/api.w.org\/{rel}","templated":true}]}}