{"id":17,"date":"2018-07-04T02:44:13","date_gmt":"2018-07-04T05:44:13","guid":{"rendered":"http:\/\/paemco.com.br\/a\/request-quote\/"},"modified":"2018-07-04T16:54:42","modified_gmt":"2018-07-04T19:54:42","slug":"request-quote","status":"publish","type":"page","link":"https:\/\/paemco.com.br\/a\/request-quote\/","title":{"rendered":"Meu Or\u00e7amento"},"content":{"rendered":"<p>A PAEMCO disponibiliza em seu site uma pequena parte dos produtos comercializados em nossa empresa, caso n\u00e3o encontre o produto desejado, favor entrar em contato conosco (<a href=\"http:\/\/paemco.com.br\/a\/contato\/\">clique aqui<\/a>).<\/p>\n<p>Os produtos dispon\u00edveis no site s\u00e3o somente para car\u00e1ter informativo, ou seja, nosso site n\u00e3o \u00e9 de venda online e os produtos podem ter caracter\u00edsticas diferentes das imagens. Ap\u00f3s adicionar no \u201ccarrinho\u201d e finalizar o or\u00e7amento, o or\u00e7amento ser\u00e1 enviado para nossa equipe de vendas que entrar\u00e1 em contato para lhe passar todas as informa\u00e7\u00f5es sobre os produtos juntamento com valores, prazo de entrega e forma de pagamento.<\/p>\n<p>Lembramos que n\u00e3o garantimos um estoque m\u00ednimo dos produtos do site, pode ocorrer de um produto estar no site e n\u00e3o estar dispon\u00edvel em nossa loja.<\/p>\n<hr \/>\n<p>[yith_ywraq_request_quote]<\/p>\n","protected":false},"excerpt":{"rendered":"<p>A PAEMCO disponibiliza em seu site uma pequena parte dos produtos comercializados em nossa empresa, caso n\u00e3o encontre o produto desejado, favor entrar em contato conosco (clique aqui). Os produtos dispon\u00edveis no site s\u00e3o somente para car\u00e1ter informativo, ou seja, nosso site n\u00e3o \u00e9 de venda online e os produtos podem ter caracter\u00edsticas diferentes das [&hellip;]<\/p>\n","protected":false},"author":2,"featured_media":0,"parent":0,"menu_order":0,"comment_status":"closed","ping_status":"closed","template":"","meta":{"footnotes":""},"class_list":["post-17","page","type-page","status-publish","hentry"],"_links":{"self":[{"href":"https:\/\/paemco.com.br\/a\/wp-json\/wp\/v2\/pages\/17","targetHints":{"allow":["GET"]}}],"collection":[{"href":"https:\/\/paemco.com.br\/a\/wp-json\/wp\/v2\/pages"}],"about":[{"href":"https:\/\/paemco.com.br\/a\/wp-json\/wp\/v2\/types\/page"}],"author":[{"embeddable":true,"href":"https:\/\/paemco.com.br\/a\/wp-json\/wp\/v2\/users\/2"}],"replies":[{"embeddable":true,"href":"https:\/\/paemco.com.br\/a\/wp-json\/wp\/v2\/comments?post=17"}],"version-history":[{"count":0,"href":"https:\/\/paemco.com.br\/a\/wp-json\/wp\/v2\/pages\/17\/revisions"}],"wp:attachment":[{"href":"https:\/\/paemco.com.br\/a\/wp-json\/wp\/v2\/media?parent=17"}],"curies":[{"name":"wp","href":"https:\/\/api.w.org\/{rel}","templated":true}]}}